{"id":29,"date":"2022-03-02T19:37:31","date_gmt":"2022-03-02T19:37:31","guid":{"rendered":"https:\/\/www.psychoterapeutkakrakow.pl\/?page_id=29"},"modified":"2022-03-11T10:20:58","modified_gmt":"2022-03-11T10:20:58","slug":"polityka-prywatnosci","status":"publish","type":"page","link":"https:\/\/www.psychoterapeutkakrakow.pl\/index.php\/polityka-prywatnosci\/","title":{"rendered":"Polityka prywatno\u015bci"},"content":{"rendered":"<p><strong>Polityka prywatno\u015bci na stronie psychoterapeutkakrakow.pl<\/strong><\/p>\n<p><strong>Dzie\u0144 Dobry<\/strong><\/p>\n<p>Dbam o prywatno\u015b\u0107 os\u00f3b odwiedzaj\u0105cych stron\u0119 psychoterapeutkakrakow.pl i chcia\u0142abym, aby ka\u017cdy, kto tutaj zagl\u0105da czu\u0142 si\u0119 komfortowo. Poni\u017cej znajduj\u0105 si\u0119 informacje o przetwarzaniu danych osobowych oraz o plikach cookies na stronie psychoterapeutkakrakow.pl, opracowane w oparciu o RODO, czyli unijne rozporz\u0105dzenie o ochronie danych osobowych.<\/p>\n<p><strong>ADMINISTRATOR DANYCH OSOBOWYCH<\/strong><\/p>\n<p>Katarzyna Kozak, prowadz\u0105ca dzia\u0142alno\u015b\u0107 gospodarcz\u0105 wpisan\u0105 do Centralnej Ewidencji i Informacji o Dzia\u0142alno\u015bci Gospodarczej prowadzonej przez ministra w\u0142a\u015bciwego do spraw gospodarki i prowadzenia Centralnej Ewidencji i Informacji o Dzia\u0142alno\u015bci Gospodarczej<\/p>\n<p>NIP: 577 170 22 28<br \/>\nREGON: 363433166<\/p>\n<p>W razie pyta\u0144 dotycz\u0105cych przetwarzania danych osobowych prosz\u0119 o kontakt na adres: psychoterapeutkakrakow@gmail.com<\/p>\n<p><strong>DANE OSOBOWE I PRYWATNO\u015a\u0106<\/strong><\/p>\n<p>Podanie danych jest dobrowolne, ale w niekt\u00f3rych przypadkach mo\u017ce by\u0107 niezb\u0119dne, by m\u00f3c korzysta\u0107 z niekt\u00f3rych funkcjonalno\u015bci. Poni\u017cej znajdziesz wyszczeg\u00f3lnienie danych osobowych i ich przetwarzanie w zwi\u0105zku ze stron\u0105 psychoterapeutkakrakow.pl<\/p>\n<p><strong>1. Zapisanie si\u0119 na newsletter<\/strong><br \/>\nCel przetwarzania danych osobowych: regularne wysy\u0142anie newsletter\u00f3w z informacjami o nowych wpisach na blogu<br \/>\nPodstawa prawna: umowa o \u015bwiadczenie us\u0142ugi newsletter lub dzia\u0142ania podejmowane na Twoje \u017c\u0105danie, zmierzaj\u0105ce do jej zawarcia (art. 6 ust. 1lit. b RODO)<br \/>\nOkres przetwarzania danych osobowych: do momentu wypisania si\u0119 z newslettera<\/p>\n<p><strong>2. Kontakt poprzez formularz kontaktowy<\/strong><br \/>\nCel przetwarzania danych osobowych: otrzymywanie i reagowanie na wiadomo\u015bci wys\u0142ane za po\u015brednictwem formularza<br \/>\nPodstawa prawna: prawnie uzasadniony interes, polegaj\u0105cy na przetwarzaniu danych w celu prowadzenia komunikacji (art. 6ust. 1 lit. f RODO)<br \/>\nOkres przetwarzania danych osobowych: do momentu zako\u0144czenia korespondencji.<\/p>\n<p><strong>3. Wej\u015bcie na moj\u0105 stron\u0119 internetow\u0105<\/strong>: psychoterapeutkakrakow.pl, gdzie przegl\u0105darka jest ustawiona w spos\u00f3b umo\u017cliwiaj\u0105cy dzia\u0142ania analityczne<br \/>\nCel przetwarzania danych osobowych: analiza sposobu korzystania i poruszania si\u0119 po stronie internetowej w celach statystycznych<br \/>\nPodstawa prawna: art. 6 ust. 1 lit. f RODO<br \/>\nOkres przetwarzania danych osobowych: 180 dni<\/p>\n<p><strong>Uprawnienia<\/strong><br \/>\nJe\u015bli przetwarzam twoje dane osobowe, to zgodnie z art. 15 RODO, masz prawo do:<br \/>\n&#8211; dost\u0119pu do Twoich danych osobowych<br \/>\n&#8211; ich sprostowania (art. 16 RODO)<br \/>\n&#8211; usuni\u0119cia (art. 17 RODO)<br \/>\n&#8211; ograniczenia przetwarzania (art. 18 RODO)<br \/>\n&#8211; \u017c\u0105dania przeniesienia danych do innego administratora (art. 20 RODO)<br \/>\n&#8211; wniesienia w dowolnym momencie sprzeciwu wobec przetwarzania Twoich danych:<br \/>\n* z przyczyn zwi\u0105zanych z Twoj\u0105 szczeg\u00f3ln\u0105 sytuacj\u0105<br \/>\n* wobec przetwarzania dotycz\u0105cych Ciebie danych osobowych, opartego na art. 6 ust. 1 lit. f RODO (tj. na realizowanych przeze mnie prawnie uzasadnionych interesach)<\/p>\n<p>Je\u015bli chcesz skorzysta\u0107 ze swoich praw, napisz na adres: psychoterapeutkakrakow@gmail.com<\/p>\n<p><strong>POLITYKA CIASTECZEK\/ COOKIES<\/strong><\/p>\n<p>Ta strona internetowa zapisuje na Twoim komputerze, a dok\u0142adniej w schowku Twojej przegl\u0105darki internetowej (np. Firefox, Internet Explorer, Chrome) na Twoim koncie u\u017cytkownika komputera (lub telefonu), na kt\u00f3rym \u0142\u0105czysz si\u0119 z Internetem, tzw. pliki cookie. Dzi\u0119ki plikom cookie wykorzystywanym na tej stronie internetowej w systemach statystyk internetowych autor strony, wie jak wielu u\u017cytkownik\u00f3w na niego zagl\u0105da co konkretnie czytaj\u0105, oraz co pomijaj\u0105. Pozwala to stale ulepsza\u0107 tego bloga. Dodatkowo pliki cookie wykorzystywane na tej stronie internetowej do poprawnego dzia\u0142ania wtyczek spo\u0142eczno\u015bciowych, kt\u00f3re pozwalaj\u0105 \u0142atwo publikowa\u0107 wpisy z tego bloga na stronach serwis\u00f3w spo\u0142eczno\u015bciowych takich jak Facebook.<\/p>\n<p>Je\u017celi uwa\u017casz, \u017ce obecno\u015b\u0107 plik\u00f3w cookie narusza Twoj\u0105 prywatno\u015b\u0107, mo\u017cesz w ka\u017cdej chwili je wy\u0142\u0105czy\u0107 \u2013 zar\u00f3wno dla konkretnej witryny albo w og\u00f3le dla wszystkich po\u0142\u0105cze\u0144 z Twojej przegl\u0105darki (Pami\u0119taj, \u017ce mo\u017ce to skutkowa\u0107 brakiem mo\u017cliwo\u015bci dzia\u0142ania wybranych funkcjonalno\u015bci stron internetowych).<\/p>\n<p><strong>Jak wy\u0142\u0105czy\u0107 pliki Cookie w Twojej przegl\u0105darce?<\/strong><\/p>\n<p>Poni\u017cej znajduj\u0105 si\u0119 instrukcje wy\u0142\u0105czenia plik\u00f3w Cookie w popularnych przegl\u0105darkach internetowych. Je\u017celi Twoja przegl\u0105darka nie pasuje do \u017cadnego z podanych poni\u017cej opis\u00f3w, poszukaj pomocy na stronie tw\u00f3rcy przegl\u0105darki lub w jej pliku pomocy.<\/p>\n<p>Google Chrome<br \/>\nPrzegl\u0105darka ta opr\u00f3cz mo\u017cliwo\u015bci wyczyszczenia plik\u00f3w cookie pozwala przejrze\u0107 szczeg\u00f3\u0142owy opis funkcji prywatno\u015bci przegl\u0105darki. Aby wyczy\u015bci\u0107 pliki cookies i inne dane przegl\u0105dania, kliknij na przycisk z trzema poziomymi kreskami, kt\u00f3ry znajduje si\u0119 po prawej stronie paska adresu \u2013 z pojawiaj\u0105cego si\u0119 menu wybierz \u201eNarz\u0119dzia\u201d a nast\u0119pnie \u201eWyczy\u015b\u0107 dane przegl\u0105dania\u201d. Szczeg\u00f3\u0142owy opis funkcji prywatno\u015bci przegl\u0105darki znajduje si\u0119 pod linkiem \u201eWi\u0119cej informacji\u201d.<\/p>\n<p>Mozilla Firefox<br \/>\nTa przegl\u0105darka udost\u0119pnia Ci mo\u017cliwo\u015b\u0107 okre\u015blenia czy nie chcesz by\u0107 \u015bledzony poprzez pliki cookie w og\u00f3le czy te\u017c chcesz usun\u0105\u0107 okre\u015blone pliki cookie konkretnych witryn internetowych. Aby okre\u015bli\u0107 te ustawienia w menu \u201eNarz\u0119dzia\u201d wybierz \u201eOpcje\u201d a w nich zak\u0142adk\u0119 \u201ePrywatno\u015b\u0107\u201d.<\/p>\n<p>Microsoft Internet Explorer<br \/>\nDzi\u0119ki specjalnemu suwakowi mo\u017cesz okre\u015bli\u0107 og\u00f3lny poziom swoje prywatno\u015bci. Dodatkowo korzystaj\u0105c z przycisku \u201eWitryny\u201d, mo\u017cesz decydowa\u0107 o ustawieniach dla konkretnych serwis\u00f3w internetowych. Aby okre\u015bli\u0107 te ustawienia w menu \u201eNarz\u0119dzia\u201d wybierz \u201eOpcje internetowe\u201d a w nich<br \/>\nzak\u0142adk\u0119 \u201ePrywatno\u015b\u0107\u201d.<\/p>\n<p>Opera<br \/>\nKorzystaj\u0105c z przycisku \u201eOpera\u201d umieszczonego w lewym g\u00f3rnym rogu nale\u017cy otworzy\u0107 menu oraz wybra\u0107 w nim \u201eUstawienia\u201d a dalej opcj\u0119 \u201eWyczy\u015b\u0107 histori\u0119 przegl\u0105dania\u201d. Dodatkowo znajduje si\u0119 tam przycisk \u201eZarz\u0105dzaj ciasteczkami\u2026\u201d, kt\u00f3ry pozwala na bardziej zaawansowane zarz\u0105dzanie opcjami dla poszczeg\u00f3lnych stron internetowych.<\/p>\n<p>Apple Safari<br \/>\nKorzystaj\u0105c z menu \u201eSafari\u201d wybierz \u201ePreferencje\u201d a w nim zak\u0142adk\u0119 \u201ePrywatno\u015b\u0107\u201d. Zak\u0142adka ta zawiera rozbudowane opcje dotycz\u0105ce plik\u00f3w cookie.<\/p>\n<p>Telefony kom\u00f3rkowe, tablety oraz inne urz\u0105dzenia mobilne<br \/>\nKa\u017cdy rodzaj urz\u0105dzenia mobilnego, mo\u017ce obs\u0142ugiwa\u0107 tak\u0105 funkcjonalno\u015b\u0107 w inny spos\u00f3b zale\u017cnie od rodzaju urz\u0105dzenia i wykorzystywanej platformy. Dlatego nale\u017cy zapozna\u0107 si\u0119 z ustawieniami prywatno\u015bci w pliku pomocy, dokumentacji lub instrukcji obs\u0142ugi danego urz\u0105dzenia lub systemu operacyjnego.<\/p>\n","protected":false},"excerpt":{"rendered":"<p>Polityka prywatno\u015bci na stronie psychoterapeutkakrakow.pl Dzie\u0144 Dobry Dbam o prywatno\u015b\u0107 os\u00f3b odwiedzaj\u0105cych stron\u0119 psychoterapeutkakrakow.pl i chcia\u0142abym, aby ka\u017cdy, kto tutaj zagl\u0105da czu\u0142 si\u0119 komfortowo. Poni\u017cej znajduj\u0105 si\u0119 informacje o przetwarzaniu danych osobowych oraz o plikach cookies na stronie psychoterapeutkakrakow.pl, opracowane &hellip; <a href=\"https:\/\/www.psychoterapeutkakrakow.pl\/index.php\/polityka-prywatnosci\/\">Czytaj wi\u0119cej<\/a><\/p>\n","protected":false},"author":1,"featured_media":0,"parent":0,"menu_order":0,"comment_status":"closed","ping_status":"closed","template":"","meta":[],"_links":{"self":[{"href":"https:\/\/www.psychoterapeutkakrakow.pl\/index.php\/wp-json\/wp\/v2\/pages\/29"}],"collection":[{"href":"https:\/\/www.psychoterapeutkakrakow.pl\/index.php\/wp-json\/wp\/v2\/pages"}],"about":[{"href":"https:\/\/www.psychoterapeutkakrakow.pl\/index.php\/wp-json\/wp\/v2\/types\/page"}],"author":[{"embeddable":true,"href":"https:\/\/www.psychoterapeutkakrakow.pl\/index.php\/wp-json\/wp\/v2\/users\/1"}],"replies":[{"embeddable":true,"href":"https:\/\/www.psychoterapeutkakrakow.pl\/index.php\/wp-json\/wp\/v2\/comments?post=29"}],"version-history":[{"count":3,"href":"https:\/\/www.psychoterapeutkakrakow.pl\/index.php\/wp-json\/wp\/v2\/pages\/29\/revisions"}],"predecessor-version":[{"id":67,"href":"https:\/\/www.psychoterapeutkakrakow.pl\/index.php\/wp-json\/wp\/v2\/pages\/29\/revisions\/67"}],"wp:attachment":[{"href":"https:\/\/www.psychoterapeutkakrakow.pl\/index.php\/wp-json\/wp\/v2\/media?parent=29"}],"curies":[{"name":"wp","href":"https:\/\/api.w.org\/{rel}","templated":true}]}}