{"id":34,"date":"2022-03-03T10:48:13","date_gmt":"2022-03-03T10:48:13","guid":{"rendered":"https:\/\/www.psychoterapeutkakrakow.pl\/?page_id=34"},"modified":"2024-11-13T19:42:25","modified_gmt":"2024-11-13T19:42:25","slug":"psychoterapia-2","status":"publish","type":"page","link":"https:\/\/www.psychoterapeutkakrakow.pl\/index.php\/psychoterapia-2\/","title":{"rendered":"Oferta"},"content":{"rendered":"<div id=\"pl-34\"  class=\"panel-layout\" ><div id=\"pg-34-0\"  class=\"panel-grid panel-no-style\" ><div id=\"pgc-34-0-0\"  class=\"panel-grid-cell\" ><div id=\"panel-34-0-0-0\" class=\"so-panel widget widget_black-studio-tinymce widget_black_studio_tinymce panel-first-child panel-last-child\" data-index=\"0\" ><h3 class=\"widget-title\">Mog\u0119 Ci zaproponowa\u0107<\/h3><div class=\"textwidget\"><p>Nazywam si\u0119<strong> Katarzyna Kozak<\/strong>, jestem psychologiem i psychoterapeutk\u0105 poznawczo-behawioralnym. Wi\u0119cej informacji o mnie znajdziesz <a href=\"https:\/\/www.psychoterapeutkakrakow.pl\/index.php\/o-mnie\/\" target=\"_blank\" rel=\"noopener\">tutaj.<\/a><\/p>\n<p>Pomagam osobom, kt\u00f3re prze\u017cywaj\u0105 trudno\u015bci emocjonalne, borykaj\u0105 si\u0119 z zaburzeniami psychicznymi, do\u015bwiadczaj\u0105 kryzys\u00f3w, s\u0105 przed lub w trakcie leczenia onkologicznego. Pracuj\u0119 zar\u00f3wno w gabinecie, kt\u00f3ry znajduje si\u0119 w Krakowie przy Rondzie Piastowskim (szczeg\u00f3\u0142owe dane \u2013 <a href=\"https:\/\/www.psychoterapeutkakrakow.pl\/index.php\/kontakt\/\" target=\"_blank\" rel=\"noopener\">klik<\/a>), jak i online przez aplikacje WhatsApp lub Skype.<\/p>\n<p><strong><img class=\"size-medium wp-image-35 alignleft\" src=\"https:\/\/www.psychoterapeutkakrakow.pl\/wp-content\/uploads\/2022\/03\/psychoterapia-300x288.jpg\" alt=\"\" width=\"300\" height=\"288\" \/><\/strong><\/p>\n<p>&nbsp;<\/p>\n<p><strong>Psychoterapia<\/strong><\/p>\n<p>Na psychoterapi\u0119 zg\u0142aszaj\u0105 si\u0119 r\u00f3\u017cne osoby \u2013 cz\u0119\u015b\u0107 od wielu miesi\u0119cy lub lat do\u015bwiadcza trudno\u015bci i w pewnym momencie ich nasilenie jest tak du\u017ce, \u017ce nie spos\u00f3b sobie samemu z nimi poradzi\u0107. Na inne osoby problemy spadaj\u0105 nagle i r\u00f3wnie\u017c doprowadzaj\u0105 do sytuacji, kt\u00f3ra wydaje si\u0119 bez wyj\u015bcia. S\u0105 te\u017c osoby, kt\u00f3re ze wzgl\u0119du na sw\u00f3j styl \u017cycia maj\u0105 trudno\u015bci ze zbudowaniem relacji lub je\u015bli ju\u017c s\u0105 w relacji \u2013 z r\u00f3\u017cnych powod\u00f3w nie mog\u0105 jej utrzyma\u0107. Pracuj\u0119 w modelu poznawczo-behawioralnym (w skr\u00f3cie CBT) z doros\u0142ymi osobami, kt\u00f3re do\u015bwiadczaj\u0105 zaburze\u0144 l\u0119kowych, obsesyjno-kompulsyjnych, zaburze\u0144 nastroju i innych trudno\u015bci w codziennym funkcjonowaniu.<\/p>\n<p>Sesja w gabinecie - 200 z\u0142\/ 50 min.<\/p>\n<p>&nbsp;<\/p>\n<p>&nbsp;<\/p>\n<p>&nbsp;<\/p>\n<p><strong><img class=\"size-medium wp-image-37 alignleft\" src=\"https:\/\/www.psychoterapeutkakrakow.pl\/wp-content\/uploads\/2022\/03\/psychoonkolog-300x254.jpg\" alt=\"\" width=\"300\" height=\"254\" \/><\/strong><\/p>\n<p>&nbsp;<\/p>\n<p><strong>Konsultacje psychoonkologiczne<\/strong><\/p>\n<p>Informacja o chorobie onkologicznej bardzo cz\u0119sto spada na nas jak grom z jasnego nieba i burzy dotychczasowy prz\u0105dek w \u017cyciu. Kontakt z psychoonkologiem bywa pomocny na ka\u017cdym etapie choroby \u2013 zaraz po rozpoznaniu, w trakcie leczenia, przy niepomy\u015blnych rokowaniach, a tak\u017ce po wyleczeniu. Zapraszam na konsultacje psychoonkologiczne osoby choruj\u0105ce, jak i te, kt\u00f3re wyzdrowia\u0142y i maj\u0105 trudno\u015bci z odnalezieniem si\u0119 w \u201ezdrowym\u201d \u017cyciu. Zapraszam r\u00f3wnie\u017c bliskich os\u00f3b lecz\u0105cych si\u0119, kt\u00f3rzy na co dzie\u0144 wspieraj\u0105 chorych.<\/p>\n<p>Sesja w gabinecie - 200 z\u0142\/ 50 min.<br \/>\nSesja online - 200 z\u0142\/ 50 min.<\/p>\n<p>&nbsp;<\/p>\n<p>&nbsp;<\/p>\n<p><strong><br \/>\n<img class=\"size-medium wp-image-36 alignleft\" src=\"https:\/\/www.psychoterapeutkakrakow.pl\/wp-content\/uploads\/2022\/03\/poradnictwo-psychologiczne-300x262.jpg\" alt=\"\" width=\"300\" height=\"262\" \/><\/strong><\/p>\n<p>&nbsp;<\/p>\n<p><strong>Poradnictwo psychologiczne<\/strong><\/p>\n<p>Nie ka\u017cda osoba, kt\u00f3ra zg\u0142asza si\u0119 do psychologa\/ psychoterapeuty, do\u015bwiadcza zaburze\u0144 kt\u00f3re wymaga\u0142yby zastosowania psychoterapii. Czasami adekwatn\u0105 form\u0105 pomocy jest poradnictwo psychologiczne. Ma ono zastosowanie g\u0142\u00f3wnie dla os\u00f3b, kt\u00f3re w danym momencie do\u015bwiadczaj\u0105 kryzys\u00f3w i kt\u00f3re nie mog\u0105 si\u0119 odnale\u017a\u0107 w trudnej sytuacji. Poradnictwo obejmuje kilka spotka\u0144, podczas kt\u00f3rych psycholog pomaga zidentyfikowa\u0107 trudno\u015bci i wspiera w poszukiwaniu sposob\u00f3w na ich rozwi\u0105zanie. Ten obszar pracy k\u0142adzie wi\u0119kszy nacisk na mocne strony i rozw\u00f3j ni\u017c na deficyty czy przezwyci\u0119\u017canie zaburze\u0144.<\/p>\n<p>Sesja w gabinecie - 200 z\u0142\/ 50 min.<br \/>\nSesja online - 200 z\u0142\/ 50 min.<\/p>\n<\/div><\/div><\/div><\/div><\/div>","protected":false},"excerpt":{"rendered":"<p>Nazywam si\u0119 Katarzyna Kozak, jestem psychologiem i psychoterapeutk\u0105 poznawczo-behawioralnym. Wi\u0119cej informacji o mnie znajdziesz tutaj. Pomagam osobom, kt\u00f3re prze\u017cywaj\u0105 trudno\u015bci emocjonalne, borykaj\u0105 si\u0119 z zaburzeniami psychicznymi, do\u015bwiadczaj\u0105 kryzys\u00f3w, s\u0105 przed lub w trakcie leczenia onkologicznego. Pracuj\u0119 zar\u00f3wno w gabinecie, kt\u00f3ry &hellip; <a href=\"https:\/\/www.psychoterapeutkakrakow.pl\/index.php\/psychoterapia-2\/\">Czytaj wi\u0119cej<\/a><\/p>\n","protected":false},"author":1,"featured_media":0,"parent":0,"menu_order":0,"comment_status":"closed","ping_status":"closed","template":"","meta":[],"_links":{"self":[{"href":"https:\/\/www.psychoterapeutkakrakow.pl\/index.php\/wp-json\/wp\/v2\/pages\/34"}],"collection":[{"href":"https:\/\/www.psychoterapeutkakrakow.pl\/index.php\/wp-json\/wp\/v2\/pages"}],"about":[{"href":"https:\/\/www.psychoterapeutkakrakow.pl\/index.php\/wp-json\/wp\/v2\/types\/page"}],"author":[{"embeddable":true,"href":"https:\/\/www.psychoterapeutkakrakow.pl\/index.php\/wp-json\/wp\/v2\/users\/1"}],"replies":[{"embeddable":true,"href":"https:\/\/www.psychoterapeutkakrakow.pl\/index.php\/wp-json\/wp\/v2\/comments?post=34"}],"version-history":[{"count":19,"href":"https:\/\/www.psychoterapeutkakrakow.pl\/index.php\/wp-json\/wp\/v2\/pages\/34\/revisions"}],"predecessor-version":[{"id":160,"href":"https:\/\/www.psychoterapeutkakrakow.pl\/index.php\/wp-json\/wp\/v2\/pages\/34\/revisions\/160"}],"wp:attachment":[{"href":"https:\/\/www.psychoterapeutkakrakow.pl\/index.php\/wp-json\/wp\/v2\/media?parent=34"}],"curies":[{"name":"wp","href":"https:\/\/api.w.org\/{rel}","templated":true}]}}